{"id":156,"date":"2025-02-28T10:47:52","date_gmt":"2025-02-28T10:47:52","guid":{"rendered":"https:\/\/sexmegle.com\/?page_id=156"},"modified":"2025-06-09T14:57:12","modified_gmt":"2025-06-09T14:57:12","slug":"rules","status":"publish","type":"page","link":"https:\/\/sexmegle.com\/es\/rules\/","title":{"rendered":"Normas"},"content":{"rendered":"<p data-start=\"203\" data-end=\"515\">Sexmegle conecta a personas de todo el mundo mediante videochats an\u00f3nimos, individuales y aleatorios: al instante, gratis y sin registro. Nos comprometemos a ofrecer una plataforma divertida, respetuosa y segura para todos los usuarios. Para mantener nuestra comunidad segura y acogedora, debes seguir las siguientes reglas.<\/p>\n<p data-start=\"517\" data-end=\"605\">Al utilizar Sexmegle, aceptas estas Pautas de la comunidad y nuestros T\u00e9rminos de servicio.<\/p>\n<h3 data-start=\"612\" data-end=\"646\">\ud83d\udd1e Requisito de edad m\u00ednima<\/h3>\n<ul data-start=\"648\" data-end=\"817\">\n<li data-start=\"648\" data-end=\"817\">\n<p data-start=\"650\" data-end=\"817\">Debes tener 18 a\u00f1os o m\u00e1s para usar Sexmegle. El uso por parte de menores est\u00e1 estrictamente prohibido y resultar\u00e1 en la eliminaci\u00f3n inmediata y la posible denuncia ante las autoridades.<\/p>\n<\/li>\n<\/ul>\n<h3 data-start=\"824\" data-end=\"853\">Conducta prohibida<\/h3>\n<p data-start=\"855\" data-end=\"981\">Las siguientes acciones est\u00e1n estrictamente prohibidas en Sexmegle y pueden resultar en una prohibici\u00f3n inmediata o una derivaci\u00f3n a la polic\u00eda:<\/p>\n<h4 data-start=\"1361\" data-end=\"1403\">1. Discurso de odio y discriminaci\u00f3n<\/h4>\n<ul>\n<li data-start=\"1406\" data-end=\"1523\">No insultes, degrades ni ataques a nadie por motivos de raza, religi\u00f3n, g\u00e9nero, sexualidad, discapacidad, nacionalidad o edad.<\/li>\n<li data-start=\"1526\" data-end=\"1577\">Sexmegle es un espacio inclusivo: respeta a todas las personas.<\/li>\n<\/ul>\n<h4 data-start=\"1579\" data-end=\"1613\">2. Acoso y amenazas<\/h4>\n<ul>\n<li data-start=\"1616\" data-end=\"1682\">No acose, amenace, intimide ni abuse verbalmente de otros usuarios.<\/li>\n<li data-start=\"1685\" data-end=\"1775\">El comportamiento no deseado repetido hacia un usuario constituye acoso y no ser\u00e1 tolerado.<\/li>\n<\/ul>\n<h4 data-start=\"1777\" data-end=\"1810\">3. Explotaci\u00f3n de menores<\/h4>\n<ul>\n<li data-start=\"1813\" data-end=\"1884\">Cualquier intento de interactuar con un menor o hacerse pasar por \u00e9l ser\u00e1 denunciado.<\/li>\n<li data-start=\"1887\" data-end=\"1979\">Cualquier actividad que involucre a usuarios menores de edad resultar\u00e1 en una prohibici\u00f3n permanente y consecuencias legales.<\/li>\n<\/ul>\n<h4 data-start=\"1981\" data-end=\"2009\">4. Actividad ilegal<\/h4>\n<p data-start=\"2012\" data-end=\"2040\">No puedes usar Sexmegle para:<\/p>\n<ul>\n<li data-start=\"2045\" data-end=\"2081\">Trata de personas o tr\u00e1fico sexual<\/li>\n<li data-start=\"2086\" data-end=\"2114\">Prostituci\u00f3n o solicitaci\u00f3n<\/li>\n<li data-start=\"2119\" data-end=\"2136\">Abuso o violencia<\/li>\n<li data-start=\"2141\" data-end=\"2197\">Cualquier actividad que viole las leyes locales o internacionales<\/li>\n<\/ul>\n<h4 data-start=\"2199\" data-end=\"2229\">5. Promoci\u00f3n y spam<\/h4>\n<ul>\n<li data-start=\"2232\" data-end=\"2302\">No muestre ni comparta enlaces, anuncios o contenido promocional.<\/li>\n<li data-start=\"2305\" data-end=\"2365\">Evite mostrar sitios web, c\u00f3digos QR o informaci\u00f3n de contacto en la pantalla.<\/li>\n<\/ul>\n<h4 data-start=\"2367\" data-end=\"2414\">6. Pr\u00e1cticas manipuladoras o enga\u00f1osas<\/h4>\n<ul>\n<li data-start=\"2417\" data-end=\"2495\">No est\u00e1 permitido el uso de emuladores de c\u00e1maras web, deepfakes o software enga\u00f1oso.<\/li>\n<li data-start=\"2498\" data-end=\"2593\">Est\u00e1 estrictamente prohibido pretender ser alguien que no eres (por ejemplo, mediante catfishing o suplantaci\u00f3n de identidad).<\/li>\n<\/ul>\n<h3 data-start=\"2600\" data-end=\"2632\">\ud83d\udee1\ufe0f Denuncia de infracciones<\/h3>\n<p data-start=\"2634\" data-end=\"2911\">Si observa alg\u00fan comportamiento que infrinja estas normas, denuncie al usuario inmediatamente mediante el bot\u00f3n &quot;Reportar&quot;. Si es posible, incluya una captura de pantalla del incidente. Todos los informes se revisan con atenci\u00f3n y las infracciones reiteradas resultar\u00e1n en una expulsi\u00f3n permanente de Sexmegle.<\/p>\n<h3 data-start=\"2918\" data-end=\"2953\">\u2705 Ay\u00fadanos a mantener Sexmegle seguro<\/h3>\n<p data-start=\"2955\" data-end=\"3025\">Estas reglas existen para proteger a todos. Al usar Sexmegle, aceptas:<\/p>\n<ul>\n<li data-start=\"3029\" data-end=\"3056\">Tratar a los dem\u00e1s con respeto<\/li>\n<li data-start=\"3059\" data-end=\"3087\">Mantenga su identidad privada<\/li>\n<li data-start=\"3090\" data-end=\"3120\">Utilice la plataforma de forma responsable<\/li>\n<li data-start=\"3123\" data-end=\"3165\">Siga todas las normas comunitarias y legales.<\/li>\n<\/ul>\n<p data-start=\"3172\" data-end=\"3283\">Sexmegle se basa en la confianza y la conexi\u00f3n espont\u00e1nea. Manteng\u00e1moslo divertido, respetuoso y seguro, juntos.<\/p>\n<p data-start=\"3285\" data-end=\"3340\">Si tiene preguntas o inquietudes, visite nuestra p\u00e1gina de contacto.<\/p>","protected":false},"excerpt":{"rendered":"<p>Sexmegle conecta a personas de todo el mundo mediante videochats an\u00f3nimos, individuales y aleatorios: al instante, gratis y sin registro. Nos comprometemos a ofrecer una plataforma divertida, respetuosa y segura para todos los usuarios. Para mantener nuestra comunidad segura y acogedora, debes seguir las siguientes reglas. Al usar Sexmegle, aceptas estas Condiciones de la Comunidad [\u2026]<\/p>","protected":false},"author":1,"featured_media":0,"parent":0,"menu_order":0,"comment_status":"closed","ping_status":"closed","template":"","meta":{"footnotes":""},"class_list":["post-156","page","type-page","status-publish","hentry"],"yoast_head":"<!-- This site is optimized with the Yoast SEO plugin v26.3 - https:\/\/yoast.com\/wordpress\/plugins\/seo\/ -->\n<title>Rules - Sexmegle<\/title>\n<meta name=\"robots\" content=\"index, follow, max-snippet:-1, max-image-preview:large, max-video-preview:-1\" \/>\n<link rel=\"canonical\" href=\"https:\/\/sexmegle.com\/es\/rules\/\" \/>\n<meta property=\"og:locale\" content=\"es_ES\" \/>\n<meta property=\"og:type\" content=\"article\" \/>\n<meta property=\"og:title\" content=\"Rules - Sexmegle\" \/>\n<meta property=\"og:description\" content=\"Sexmegle connects people from around the world through anonymous, one-on-one random video chats \u2014 instantly, for free, and without registration. We\u2019re committed to providing a platform that\u2019s fun, respectful, and secure for all users. To keep our community safe and welcoming, you must follow the rules below. By using Sexmegle, you agree to these Community [&hellip;]\" \/>\n<meta property=\"og:url\" content=\"https:\/\/sexmegle.com\/es\/rules\/\" \/>\n<meta property=\"og:site_name\" content=\"Sexmegle\" \/>\n<meta property=\"article:modified_time\" content=\"2025-06-09T14:57:12+00:00\" \/>\n<meta name=\"twitter:card\" content=\"summary_large_image\" \/>\n<meta name=\"twitter:label1\" content=\"Tiempo de lectura\" \/>\n\t<meta name=\"twitter:data1\" content=\"2 minutos\" \/>\n<script type=\"application\/ld+json\" class=\"yoast-schema-graph\">{\"@context\":\"https:\/\/schema.org\",\"@graph\":[{\"@type\":\"WebPage\",\"@id\":\"https:\/\/sexmegle.com\/rules\/\",\"url\":\"https:\/\/sexmegle.com\/rules\/\",\"name\":\"Rules - Sexmegle\",\"isPartOf\":{\"@id\":\"https:\/\/sexmegle.com\/#website\"},\"datePublished\":\"2025-02-28T10:47:52+00:00\",\"dateModified\":\"2025-06-09T14:57:12+00:00\",\"breadcrumb\":{\"@id\":\"https:\/\/sexmegle.com\/rules\/#breadcrumb\"},\"inLanguage\":\"es\",\"potentialAction\":[{\"@type\":\"ReadAction\",\"target\":[\"https:\/\/sexmegle.com\/rules\/\"]}]},{\"@type\":\"BreadcrumbList\",\"@id\":\"https:\/\/sexmegle.com\/rules\/#breadcrumb\",\"itemListElement\":[{\"@type\":\"ListItem\",\"position\":1,\"name\":\"Home\",\"item\":\"https:\/\/sexmegle.com\/\"},{\"@type\":\"ListItem\",\"position\":2,\"name\":\"Rules\"}]},{\"@type\":\"WebSite\",\"@id\":\"https:\/\/sexmegle.com\/#website\",\"url\":\"https:\/\/sexmegle.com\/\",\"name\":\"Sexmegle\",\"description\":\"\",\"publisher\":{\"@id\":\"https:\/\/sexmegle.com\/#organization\"},\"potentialAction\":[{\"@type\":\"SearchAction\",\"target\":{\"@type\":\"EntryPoint\",\"urlTemplate\":\"https:\/\/sexmegle.com\/?s={search_term_string}\"},\"query-input\":{\"@type\":\"PropertyValueSpecification\",\"valueRequired\":true,\"valueName\":\"search_term_string\"}}],\"inLanguage\":\"es\"},{\"@type\":\"Organization\",\"@id\":\"https:\/\/sexmegle.com\/#organization\",\"name\":\"Sexmegle\",\"url\":\"https:\/\/sexmegle.com\/\",\"logo\":{\"@type\":\"ImageObject\",\"inLanguage\":\"es\",\"@id\":\"https:\/\/sexmegle.com\/#\/schema\/logo\/image\/\",\"url\":\"https:\/\/sexmegle.com\/wp-content\/uploads\/2025\/02\/ohmegle-logo.png\",\"contentUrl\":\"https:\/\/sexmegle.com\/wp-content\/uploads\/2025\/02\/ohmegle-logo.png\",\"width\":300,\"height\":65,\"caption\":\"Sexmegle\"},\"image\":{\"@id\":\"https:\/\/sexmegle.com\/#\/schema\/logo\/image\/\"}}]}<\/script>\n<!-- \/ Yoast SEO plugin. -->","yoast_head_json":{"title":"Rules - Sexmegle","robots":{"index":"index","follow":"follow","max-snippet":"max-snippet:-1","max-image-preview":"max-image-preview:large","max-video-preview":"max-video-preview:-1"},"canonical":"https:\/\/sexmegle.com\/es\/rules\/","og_locale":"es_ES","og_type":"article","og_title":"Rules - Sexmegle","og_description":"Sexmegle connects people from around the world through anonymous, one-on-one random video chats \u2014 instantly, for free, and without registration. We\u2019re committed to providing a platform that\u2019s fun, respectful, and secure for all users. To keep our community safe and welcoming, you must follow the rules below. By using Sexmegle, you agree to these Community [&hellip;]","og_url":"https:\/\/sexmegle.com\/es\/rules\/","og_site_name":"Sexmegle","article_modified_time":"2025-06-09T14:57:12+00:00","twitter_card":"summary_large_image","twitter_misc":{"Tiempo de lectura":"2 minutos"},"schema":{"@context":"https:\/\/schema.org","@graph":[{"@type":"WebPage","@id":"https:\/\/sexmegle.com\/rules\/","url":"https:\/\/sexmegle.com\/rules\/","name":"Rules - Sexmegle","isPartOf":{"@id":"https:\/\/sexmegle.com\/#website"},"datePublished":"2025-02-28T10:47:52+00:00","dateModified":"2025-06-09T14:57:12+00:00","breadcrumb":{"@id":"https:\/\/sexmegle.com\/rules\/#breadcrumb"},"inLanguage":"es","potentialAction":[{"@type":"ReadAction","target":["https:\/\/sexmegle.com\/rules\/"]}]},{"@type":"BreadcrumbList","@id":"https:\/\/sexmegle.com\/rules\/#breadcrumb","itemListElement":[{"@type":"ListItem","position":1,"name":"Home","item":"https:\/\/sexmegle.com\/"},{"@type":"ListItem","position":2,"name":"Rules"}]},{"@type":"WebSite","@id":"https:\/\/sexmegle.com\/#website","url":"https:\/\/sexmegle.com\/","name":"Sexmegle","description":"","publisher":{"@id":"https:\/\/sexmegle.com\/#organization"},"potentialAction":[{"@type":"SearchAction","target":{"@type":"EntryPoint","urlTemplate":"https:\/\/sexmegle.com\/?s={search_term_string}"},"query-input":{"@type":"PropertyValueSpecification","valueRequired":true,"valueName":"search_term_string"}}],"inLanguage":"es"},{"@type":"Organization","@id":"https:\/\/sexmegle.com\/#organization","name":"Sexmegle","url":"https:\/\/sexmegle.com\/","logo":{"@type":"ImageObject","inLanguage":"es","@id":"https:\/\/sexmegle.com\/#\/schema\/logo\/image\/","url":"https:\/\/sexmegle.com\/wp-content\/uploads\/2025\/02\/ohmegle-logo.png","contentUrl":"https:\/\/sexmegle.com\/wp-content\/uploads\/2025\/02\/ohmegle-logo.png","width":300,"height":65,"caption":"Sexmegle"},"image":{"@id":"https:\/\/sexmegle.com\/#\/schema\/logo\/image\/"}}]}},"_links":{"self":[{"href":"https:\/\/sexmegle.com\/es\/wp-json\/wp\/v2\/pages\/156","targetHints":{"allow":["GET"]}}],"collection":[{"href":"https:\/\/sexmegle.com\/es\/wp-json\/wp\/v2\/pages"}],"about":[{"href":"https:\/\/sexmegle.com\/es\/wp-json\/wp\/v2\/types\/page"}],"author":[{"embeddable":true,"href":"https:\/\/sexmegle.com\/es\/wp-json\/wp\/v2\/users\/1"}],"replies":[{"embeddable":true,"href":"https:\/\/sexmegle.com\/es\/wp-json\/wp\/v2\/comments?post=156"}],"version-history":[{"count":4,"href":"https:\/\/sexmegle.com\/es\/wp-json\/wp\/v2\/pages\/156\/revisions"}],"predecessor-version":[{"id":850,"href":"https:\/\/sexmegle.com\/es\/wp-json\/wp\/v2\/pages\/156\/revisions\/850"}],"wp:attachment":[{"href":"https:\/\/sexmegle.com\/es\/wp-json\/wp\/v2\/media?parent=156"}],"curies":[{"name":"gracias","href":"https:\/\/api.w.org\/{rel}","templated":true}]}}