{"id":369,"date":"2025-05-23T14:11:23","date_gmt":"2025-05-23T14:11:23","guid":{"rendered":"https:\/\/sexmegle.com\/?page_id=369"},"modified":"2025-05-23T14:13:32","modified_gmt":"2025-05-23T14:13:32","slug":"disclaimer","status":"publish","type":"page","link":"https:\/\/sexmegle.com\/es\/disclaimer\/","title":{"rendered":"Descargo de responsabilidad"},"content":{"rendered":"<p data-start=\"254\" data-end=\"575\">Fecha de entrada en vigor: 23 de mayo de 2025<\/p>\n<p data-start=\"254\" data-end=\"575\">La informaci\u00f3n proporcionada en Sexmegle.com (\u201cSexmegle\u201d, \u201cnosotros\u201d, \u201cnuestro\/a\/os\/as\u201d o \u201cnos\u201d) tiene \u00fanicamente fines informativos y de entretenimiento. Al acceder y utilizar esta plataforma, usted acepta este Aviso Legal y reconoce su plena responsabilidad por sus acciones al utilizar Sexmegle.<\/p>\n<h3 data-start=\"582\" data-end=\"613\">1. \u00daselo bajo su propio riesgo<\/h3>\n<p data-start=\"615\" data-end=\"884\">Sexmegle es una plataforma de videochat gratuita, an\u00f3nima y en tiempo real que conecta a usuarios con desconocidos para conversar en vivo y sin guion. Si bien nos esforzamos por ofrecer un entorno seguro y moderado, no podemos controlar ni garantizar las acciones ni el comportamiento de otros usuarios.<\/p>\n<p data-start=\"886\" data-end=\"1035\">El uso de la plataforma se realiza bajo su propio riesgo. Usted es el \u00fanico responsable de sus interacciones y de la informaci\u00f3n que comparta o reciba.<\/p>\n<h3 data-start=\"1042\" data-end=\"1075\">2. Sin asesoramiento profesional<\/h3>\n<p data-start=\"1077\" data-end=\"1391\">Sexmegle no pretende ofrecer ning\u00fan tipo de asesoramiento profesional, m\u00e9dico, legal ni psicol\u00f3gico. Las conversaciones o la informaci\u00f3n intercambiadas a trav\u00e9s de la plataforma no deben considerarse un sustituto de una consulta profesional. No verificamos la identidad, los antecedentes ni las cualificaciones de los usuarios.<\/p>\n<h3 data-start=\"1398\" data-end=\"1448\">3. Sin responsabilidad por el contenido generado por el usuario<\/h3>\n<p data-start=\"1450\" data-end=\"1695\">No preseleccionamos ni avalamos el contenido compartido por los usuarios durante los chats de video o texto. Sexmegle se exime de toda responsabilidad por cualquier contenido, conducta o da\u00f1o que pueda surgir de las interacciones de los usuarios, incluyendo, entre otros:<\/p>\n<ul>\n<li data-start=\"1699\" data-end=\"1746\">Contenido ofensivo, expl\u00edcito o inapropiado<\/li>\n<li data-start=\"1749\" data-end=\"1784\">Tergiversaci\u00f3n o afirmaciones falsas<\/li>\n<li data-start=\"1787\" data-end=\"1806\">comportamiento ilegal<\/li>\n<li data-start=\"1809\" data-end=\"1850\">Acoso, amenazas o conducta abusiva<\/li>\n<li data-start=\"1853\" data-end=\"1881\">Solicitaci\u00f3n o manipulaci\u00f3n<\/li>\n<\/ul>\n<p data-start=\"1883\" data-end=\"1991\">Si detecta alg\u00fan comportamiento inapropiado, inf\u00f3rmelo inmediatamente mediante la funci\u00f3n \u201cInformar\u201d de la plataforma.<\/p>\n<h3 data-start=\"1998\" data-end=\"2045\">4. No hay garant\u00eda de disponibilidad del servicio<\/h3>\n<p data-start=\"2047\" data-end=\"2320\">Sexmegle se ofrece &quot;tal cual&quot; y &quot;seg\u00fan disponibilidad&quot;. No ofrecemos garant\u00edas sobre el tiempo de actividad, la velocidad de conexi\u00f3n ni el acceso ininterrumpido. Nos reservamos el derecho de modificar, suspender o interrumpir la plataforma en cualquier momento sin previo aviso ni responsabilidad.<\/p>\n<h3 data-start=\"2327\" data-end=\"2373\">5. Restricci\u00f3n de edad y advertencia sobre el contenido<\/h3>\n<p data-start=\"2375\" data-end=\"2624\">Sexmegle est\u00e1 destinado estrictamente a usuarios mayores de 18 a\u00f1os.<br data-start=\"2443\" data-end=\"2446\" \/>No permitimos el acceso a menores de edad a sabiendas y nos tomamos muy en serio las denuncias de uso por parte de menores. El uso de esta plataforma por parte de menores de 18 a\u00f1os constituye una violaci\u00f3n directa de nuestros T\u00e9rminos de Servicio.<\/p>\n<p data-start=\"2626\" data-end=\"2856\">Debido al car\u00e1cter an\u00f3nimo y en vivo de la plataforma, podr\u00edas estar expuesto a contenido para adultos u ofensivo. Si te ofendes f\u00e1cilmente o eres menor de edad en tu jurisdicci\u00f3n, no puedes usar Sexmegle.<\/p>\n<h3 data-start=\"2863\" data-end=\"2891\">6. Cooperaci\u00f3n jur\u00eddica<\/h3>\n<p data-start=\"2893\" data-end=\"3151\">Sexmegle coopera con las fuerzas del orden y cumple con todas las leyes aplicables. Si una solicitud legal v\u00e1lida lo requiere, podr\u00edamos divulgar informaci\u00f3n t\u00e9cnica limitada (como direcciones IP y marcas de tiempo) para investigar abusos o actividades ilegales.<\/p>\n<h3 data-start=\"3158\" data-end=\"3183\">7. Enlaces externos<\/h3>\n<p data-start=\"3185\" data-end=\"3412\">Nuestra plataforma puede incluir enlaces a sitios web de terceros. Estos se proporcionan para su comodidad, pero no controlamos ni avalamos su contenido, pol\u00edticas ni pr\u00e1cticas. El uso de sitios de terceros es bajo su propio riesgo.<\/p>\n<h3 data-start=\"3419\" data-end=\"3453\">8. Limitaci\u00f3n de responsabilidad<\/h3>\n<p data-start=\"3455\" data-end=\"3763\">En la medida m\u00e1xima permitida por la ley, Sexmegle se exime de toda responsabilidad por cualquier p\u00e9rdida, da\u00f1o, lesi\u00f3n o perjuicio que resulte de su uso de la plataforma. Esto incluye, entre otros, angustia emocional, p\u00e9rdida de datos, exposici\u00f3n de identidad o consecuencias legales derivadas de sus interacciones en el sitio.<\/p>\n<h3 data-start=\"3770\" data-end=\"3805\">9. Aceptaci\u00f3n de la exenci\u00f3n de responsabilidad<\/h3>\n<p data-start=\"3807\" data-end=\"4015\">Al usar Sexmegle, confirmas haber le\u00eddo, comprendido y aceptado este Aviso Legal en su totalidad. Si no est\u00e1s de acuerdo con alguna parte de este Aviso Legal, debes dejar de usar la plataforma inmediatamente.<\/p>\n<h3 data-start=\"4022\" data-end=\"4041\">10. Contacto<\/h3>\n<p data-start=\"4043\" data-end=\"4187\">Si tiene preguntas sobre este Descargo de responsabilidad o cualquier inquietud legal con respecto al uso de Sexmegle, cont\u00e1ctenos a trav\u00e9s de nuestra P\u00e1gina de contacto.<\/p>","protected":false},"excerpt":{"rendered":"<p>Fecha de entrada en vigor: 23 de mayo de 2025. La informaci\u00f3n proporcionada en Sexmegle.com (\u201cSexmegle\u201d, \u201cnosotros\u201d, \u201cnuestro\u201d o \u201cnos\u201d) tiene \u00fanicamente fines informativos y de entretenimiento. Al acceder y utilizar esta plataforma, acepta este Aviso Legal y reconoce su plena responsabilidad por sus acciones al utilizar Sexmegle. 1. \u00daselo bajo su propio riesgo. Sexmegle es gratuito, [\u2026]<\/p>","protected":false},"author":1,"featured_media":0,"parent":0,"menu_order":0,"comment_status":"closed","ping_status":"closed","template":"","meta":{"footnotes":""},"class_list":["post-369","page","type-page","status-publish","hentry"],"yoast_head":"<!-- This site is optimized with the Yoast SEO plugin v26.3 - https:\/\/yoast.com\/wordpress\/plugins\/seo\/ -->\n<title>Disclaimer - Sexmegle<\/title>\n<meta name=\"robots\" content=\"index, follow, max-snippet:-1, max-image-preview:large, max-video-preview:-1\" \/>\n<link rel=\"canonical\" href=\"https:\/\/sexmegle.com\/es\/disclaimer\/\" \/>\n<meta property=\"og:locale\" content=\"es_ES\" \/>\n<meta property=\"og:type\" content=\"article\" \/>\n<meta property=\"og:title\" content=\"Disclaimer - Sexmegle\" \/>\n<meta property=\"og:description\" content=\"Effective Date: 23 May 2025 The information provided on Sexmegle.com (\u201cSexmegle\u201d, \u201cwe\u201d, \u201cour\u201d, or \u201cus\u201d) is for general informational and entertainment purposes only. By accessing and using this platform, you agree to this Disclaimer and acknowledge your full responsibility for your actions while using Sexmegle. 1. Use at Your Own Risk Sexmegle is a free, [&hellip;]\" \/>\n<meta property=\"og:url\" content=\"https:\/\/sexmegle.com\/es\/disclaimer\/\" \/>\n<meta property=\"og:site_name\" content=\"Sexmegle\" \/>\n<meta property=\"article:modified_time\" content=\"2025-05-23T14:13:32+00:00\" \/>\n<meta name=\"twitter:card\" content=\"summary_large_image\" \/>\n<meta name=\"twitter:label1\" content=\"Tiempo de lectura\" \/>\n\t<meta name=\"twitter:data1\" content=\"3 minutos\" \/>\n<script type=\"application\/ld+json\" class=\"yoast-schema-graph\">{\"@context\":\"https:\/\/schema.org\",\"@graph\":[{\"@type\":\"WebPage\",\"@id\":\"https:\/\/sexmegle.com\/disclaimer\/\",\"url\":\"https:\/\/sexmegle.com\/disclaimer\/\",\"name\":\"Disclaimer - Sexmegle\",\"isPartOf\":{\"@id\":\"https:\/\/sexmegle.com\/#website\"},\"datePublished\":\"2025-05-23T14:11:23+00:00\",\"dateModified\":\"2025-05-23T14:13:32+00:00\",\"breadcrumb\":{\"@id\":\"https:\/\/sexmegle.com\/disclaimer\/#breadcrumb\"},\"inLanguage\":\"es\",\"potentialAction\":[{\"@type\":\"ReadAction\",\"target\":[\"https:\/\/sexmegle.com\/disclaimer\/\"]}]},{\"@type\":\"BreadcrumbList\",\"@id\":\"https:\/\/sexmegle.com\/disclaimer\/#breadcrumb\",\"itemListElement\":[{\"@type\":\"ListItem\",\"position\":1,\"name\":\"Home\",\"item\":\"https:\/\/sexmegle.com\/\"},{\"@type\":\"ListItem\",\"position\":2,\"name\":\"Disclaimer\"}]},{\"@type\":\"WebSite\",\"@id\":\"https:\/\/sexmegle.com\/#website\",\"url\":\"https:\/\/sexmegle.com\/\",\"name\":\"Sexmegle\",\"description\":\"\",\"publisher\":{\"@id\":\"https:\/\/sexmegle.com\/#organization\"},\"potentialAction\":[{\"@type\":\"SearchAction\",\"target\":{\"@type\":\"EntryPoint\",\"urlTemplate\":\"https:\/\/sexmegle.com\/?s={search_term_string}\"},\"query-input\":{\"@type\":\"PropertyValueSpecification\",\"valueRequired\":true,\"valueName\":\"search_term_string\"}}],\"inLanguage\":\"es\"},{\"@type\":\"Organization\",\"@id\":\"https:\/\/sexmegle.com\/#organization\",\"name\":\"Sexmegle\",\"url\":\"https:\/\/sexmegle.com\/\",\"logo\":{\"@type\":\"ImageObject\",\"inLanguage\":\"es\",\"@id\":\"https:\/\/sexmegle.com\/#\/schema\/logo\/image\/\",\"url\":\"https:\/\/sexmegle.com\/wp-content\/uploads\/2025\/02\/ohmegle-logo.png\",\"contentUrl\":\"https:\/\/sexmegle.com\/wp-content\/uploads\/2025\/02\/ohmegle-logo.png\",\"width\":300,\"height\":65,\"caption\":\"Sexmegle\"},\"image\":{\"@id\":\"https:\/\/sexmegle.com\/#\/schema\/logo\/image\/\"}}]}<\/script>\n<!-- \/ Yoast SEO plugin. -->","yoast_head_json":{"title":"Disclaimer - Sexmegle","robots":{"index":"index","follow":"follow","max-snippet":"max-snippet:-1","max-image-preview":"max-image-preview:large","max-video-preview":"max-video-preview:-1"},"canonical":"https:\/\/sexmegle.com\/es\/disclaimer\/","og_locale":"es_ES","og_type":"article","og_title":"Disclaimer - Sexmegle","og_description":"Effective Date: 23 May 2025 The information provided on Sexmegle.com (\u201cSexmegle\u201d, \u201cwe\u201d, \u201cour\u201d, or \u201cus\u201d) is for general informational and entertainment purposes only. By accessing and using this platform, you agree to this Disclaimer and acknowledge your full responsibility for your actions while using Sexmegle. 1. Use at Your Own Risk Sexmegle is a free, [&hellip;]","og_url":"https:\/\/sexmegle.com\/es\/disclaimer\/","og_site_name":"Sexmegle","article_modified_time":"2025-05-23T14:13:32+00:00","twitter_card":"summary_large_image","twitter_misc":{"Tiempo de lectura":"3 minutos"},"schema":{"@context":"https:\/\/schema.org","@graph":[{"@type":"WebPage","@id":"https:\/\/sexmegle.com\/disclaimer\/","url":"https:\/\/sexmegle.com\/disclaimer\/","name":"Disclaimer - Sexmegle","isPartOf":{"@id":"https:\/\/sexmegle.com\/#website"},"datePublished":"2025-05-23T14:11:23+00:00","dateModified":"2025-05-23T14:13:32+00:00","breadcrumb":{"@id":"https:\/\/sexmegle.com\/disclaimer\/#breadcrumb"},"inLanguage":"es","potentialAction":[{"@type":"ReadAction","target":["https:\/\/sexmegle.com\/disclaimer\/"]}]},{"@type":"BreadcrumbList","@id":"https:\/\/sexmegle.com\/disclaimer\/#breadcrumb","itemListElement":[{"@type":"ListItem","position":1,"name":"Home","item":"https:\/\/sexmegle.com\/"},{"@type":"ListItem","position":2,"name":"Disclaimer"}]},{"@type":"WebSite","@id":"https:\/\/sexmegle.com\/#website","url":"https:\/\/sexmegle.com\/","name":"Sexmegle","description":"","publisher":{"@id":"https:\/\/sexmegle.com\/#organization"},"potentialAction":[{"@type":"SearchAction","target":{"@type":"EntryPoint","urlTemplate":"https:\/\/sexmegle.com\/?s={search_term_string}"},"query-input":{"@type":"PropertyValueSpecification","valueRequired":true,"valueName":"search_term_string"}}],"inLanguage":"es"},{"@type":"Organization","@id":"https:\/\/sexmegle.com\/#organization","name":"Sexmegle","url":"https:\/\/sexmegle.com\/","logo":{"@type":"ImageObject","inLanguage":"es","@id":"https:\/\/sexmegle.com\/#\/schema\/logo\/image\/","url":"https:\/\/sexmegle.com\/wp-content\/uploads\/2025\/02\/ohmegle-logo.png","contentUrl":"https:\/\/sexmegle.com\/wp-content\/uploads\/2025\/02\/ohmegle-logo.png","width":300,"height":65,"caption":"Sexmegle"},"image":{"@id":"https:\/\/sexmegle.com\/#\/schema\/logo\/image\/"}}]}},"_links":{"self":[{"href":"https:\/\/sexmegle.com\/es\/wp-json\/wp\/v2\/pages\/369","targetHints":{"allow":["GET"]}}],"collection":[{"href":"https:\/\/sexmegle.com\/es\/wp-json\/wp\/v2\/pages"}],"about":[{"href":"https:\/\/sexmegle.com\/es\/wp-json\/wp\/v2\/types\/page"}],"author":[{"embeddable":true,"href":"https:\/\/sexmegle.com\/es\/wp-json\/wp\/v2\/users\/1"}],"replies":[{"embeddable":true,"href":"https:\/\/sexmegle.com\/es\/wp-json\/wp\/v2\/comments?post=369"}],"version-history":[{"count":3,"href":"https:\/\/sexmegle.com\/es\/wp-json\/wp\/v2\/pages\/369\/revisions"}],"predecessor-version":[{"id":374,"href":"https:\/\/sexmegle.com\/es\/wp-json\/wp\/v2\/pages\/369\/revisions\/374"}],"wp:attachment":[{"href":"https:\/\/sexmegle.com\/es\/wp-json\/wp\/v2\/media?parent=369"}],"curies":[{"name":"gracias","href":"https:\/\/api.w.org\/{rel}","templated":true}]}}