{"id":162,"date":"2025-02-28T12:44:02","date_gmt":"2025-02-28T12:44:02","guid":{"rendered":"https:\/\/sexmegle.com\/?page_id=162"},"modified":"2025-05-23T14:10:49","modified_gmt":"2025-05-23T14:10:49","slug":"privacy","status":"publish","type":"page","link":"https:\/\/sexmegle.com\/fr\/privacy\/","title":{"rendered":"Confidentialit\u00e9"},"content":{"rendered":"<p>Date d&#039;entr\u00e9e en vigueur : 23 mai 2025<\/p>\n<p>Sexmegle.com (\u00ab Sexmegle \u00bb, \u00ab nous \u00bb, \u00ab notre \u00bb ou \u00ab nos \u00bb) s&#039;engage \u00e0 prot\u00e9ger votre vie priv\u00e9e et \u00e0 vous offrir un environnement s\u00e9curis\u00e9 pour des communications en ligne anonymes. Cette politique de confidentialit\u00e9 explique comment nous collectons, utilisons, prot\u00e9geons et divulguons vos informations lorsque vous utilisez notre plateforme. En utilisant Sexmegle, vous acceptez les conditions \u00e9nonc\u00e9es dans cette politique.<\/p>\n<h3>1. Aucun compte requis \u2013 Collecte de donn\u00e9es minimale<\/h3>\n<p>Sexmegle n&#039;exige pas la cr\u00e9ation d&#039;un compte ni la fourniture d&#039;informations personnelles identifiables (IPI) pour acc\u00e9der \u00e0 la plateforme. Nous ne demandons ni nom, ni adresse e-mail, ni num\u00e9ro de t\u00e9l\u00e9phone, ni mot de passe. Les utilisateurs peuvent participer \u00e0 des conversations vid\u00e9o individuelles anonymes sans inscription.<\/p>\n<p>Afin de maintenir l&#039;int\u00e9grit\u00e9 et la s\u00e9curit\u00e9 de la plateforme, nous pouvons collecter et traiter temporairement des informations techniques non personnelles, notamment :<\/p>\n<ul>\n<li>adresses IP<\/li>\n<li>Type et version du navigateur<\/li>\n<li>Syst\u00e8me op\u00e9rateur<\/li>\n<li>Horodatages de connexion<\/li>\n<li>Type d&#039;appareil<\/li>\n<\/ul>\n<p>Ces informations sont automatiquement supprim\u00e9es apr\u00e8s une courte p\u00e9riode de conservation, sauf si cela est raisonnablement n\u00e9cessaire pour se conformer \u00e0 la loi applicable, appliquer nos conditions de service ou r\u00e9pondre \u00e0 des demandes l\u00e9gales valides.<\/p>\n<h3>2. Cookies et technologies de suivi<\/h3>\n<p>Sexmegle utilise un minimum de cookies et de technologies similaires strictement pour :<\/p>\n<ul>\n<li>Fonctionnalit\u00e9 technique (par exemple, gestion de session)<\/li>\n<li>\u00c9quilibrage de charge et performances du serveur<\/li>\n<li>Pr\u00e9f\u00e9rences utilisateur facultatives (telles que le mode sombre)<\/li>\n<\/ul>\n<p>Nous n&#039;utilisons pas de cookies \u00e0 des fins publicitaires, marketing ou de profilage utilisateur. Vous pouvez g\u00e9rer les param\u00e8tres des cookies \u00e0 tout moment via votre navigateur. La d\u00e9sactivation des cookies peut limiter les performances ou l&#039;accessibilit\u00e9 de certaines fonctionnalit\u00e9s.<\/p>\n<h3>3. Utilisation des informations<\/h3>\n<p>Toutes les donn\u00e9es collect\u00e9es sont utilis\u00e9es aux fins limit\u00e9es et l\u00e9gales suivantes :<\/p>\n<ul>\n<li>Pr\u00e9venir les abus et faire respecter les normes communautaires<\/li>\n<li>R\u00e9pondre aux signalements d&#039;abus et aux demandes des forces de l&#039;ordre<\/li>\n<li>Surveillance des performances et de la disponibilit\u00e9 du syst\u00e8me<\/li>\n<li>Assurer la s\u00e9curit\u00e9 de la plateforme<\/li>\n<\/ul>\n<p>Nous ne vendons, ne louons, n&#039;\u00e9changeons ni ne partageons vos donn\u00e9es avec des tiers \u00e0 des fins marketing. Nous ne cr\u00e9ons pas de profils d&#039;utilisateurs.<\/p>\n<h3>4. S\u00e9curit\u00e9 et s\u00fbret\u00e9<\/h3>\n<p>Nous mettons en \u0153uvre des protocoles de s\u00e9curit\u00e9 et des mesures de protection techniques conformes aux normes du secteur pour prot\u00e9ger la plateforme contre les abus, les violations et les acc\u00e8s non autoris\u00e9s. Cependant, aucun syst\u00e8me ne peut garantir une s\u00e9curit\u00e9 absolue. En utilisant Sexmegle, vous reconnaissez et acceptez ce risque inh\u00e9rent.<\/p>\n<p>Nous utilisons \u00e9galement une combinaison de syst\u00e8mes automatis\u00e9s et de mod\u00e9rateurs humains pour surveiller et traiter les violations de nos politiques. Si vous constatez une mauvaise conduite, utilisez imm\u00e9diatement la fonction Signaler.<\/p>\n<h3>5. Application de la loi et coop\u00e9ration juridique<\/h3>\n<p>Nous coop\u00e9rons pleinement avec les forces de l&#039;ordre et les autorit\u00e9s judiciaires. Si Sexmegle re\u00e7oit une assignation \u00e0 compara\u00eetre, une ordonnance du tribunal ou une demande l\u00e9gale concernant une utilisation ill\u00e9gale pr\u00e9sum\u00e9e de la plateforme, nous nous r\u00e9servons le droit de fournir tous les journaux techniques pertinents n\u00e9cessaires au respect de la loi et \u00e0 l&#039;enqu\u00eate.<\/p>\n<h3>6. Confidentialit\u00e9 des enfants \u2013 Strictement r\u00e9serv\u00e9 aux plus de 18 ans<\/h3>\n<p>Sexmegle est strictement r\u00e9serv\u00e9 aux utilisateurs de 18 ans et plus. Nous ne collectons pas sciemment de donn\u00e9es aupr\u00e8s de mineurs et ne les autorisons pas \u00e0 utiliser notre service. Si nous apprenons qu&#039;une personne de moins de 18 ans utilise Sexmegle, nous prendrons imm\u00e9diatement des mesures pour bloquer l&#039;acc\u00e8s et supprimer toutes les donn\u00e9es associ\u00e9es.<\/p>\n<p>Les parents et tuteurs sont encourag\u00e9s \u00e0 utiliser un logiciel de contr\u00f4le parental et \u00e0 surveiller l&#039;activit\u00e9 en ligne. Pour plus d&#039;informations, consultez le site <a href=\"https:\/\/www.connectsafely.org\/controls\">https:\/\/www.connectsafely.org\/controls<\/a>.<\/p>\n<h3>7. Services tiers<\/h3>\n<p>Notre plateforme peut contenir des liens vers des sites web ou des services tiers. Ces liens sont fournis uniquement pour votre commodit\u00e9. Nous ne sommes pas responsables des pratiques de confidentialit\u00e9 ni du contenu de ces sites externes. Veuillez consulter leurs politiques de confidentialit\u00e9.<\/p>\n<h3>8. Modifications de cette politique<\/h3>\n<p>Nous sommes susceptibles de mettre \u00e0 jour cette Politique de confidentialit\u00e9 de temps \u00e0 autre. En cas de modification, la date d&#039;entr\u00e9e en vigueur sera r\u00e9vis\u00e9e et la politique mise \u00e0 jour sera publi\u00e9e sur cette page. L&#039;utilisation continue du site apr\u00e8s modification vaut acceptation des nouvelles conditions.<\/p>\n<h3>9. Contactez-nous<\/h3>\n<p>Pour toute question, pr\u00e9occupation ou r\u00e9clamation relative \u00e0 cette politique de confidentialit\u00e9 ou \u00e0 vos donn\u00e9es, veuillez nous contacter directement via notre page de contact.<\/p>\n<p>Nous nous engageons \u00e0 faire preuve de transparence, de responsabilit\u00e9 et \u00e0 prot\u00e9ger vos droits tout en offrant une plateforme de communication s\u00fbre et anonyme.<\/p>\n<p>En utilisant Sexmegle, vous confirmez que vous avez 18 ans ou plus et acceptez les termes de cette politique de confidentialit\u00e9.<\/p>\n<p>Restez anonyme. Restez en s\u00e9curit\u00e9. Discutez librement.<\/p>","protected":false},"excerpt":{"rendered":"<p>Date d&#039;entr\u00e9e en vigueur\u00a0: 23\u00a0mai\u00a02025. Sexmegle.com (\u00ab\u00a0Sexmegle\u00a0\u00bb, \u00ab\u00a0nous\u00a0\u00bb, \u00ab\u00a0notre\u00a0\u00bb ou \u00ab\u00a0nos\u00a0\u00bb) s&#039;engage \u00e0 prot\u00e9ger votre vie priv\u00e9e et \u00e0 vous offrir un environnement s\u00e9curis\u00e9 pour vos communications en ligne anonymes. Cette politique de confidentialit\u00e9 explique comment nous collectons, utilisons, prot\u00e9geons et divulguons vos informations lorsque vous utilisez notre plateforme. En utilisant Sexmegle, vous acceptez les conditions \u00e9nonc\u00e9es dans cette [\u2026]<\/p>","protected":false},"author":1,"featured_media":0,"parent":0,"menu_order":0,"comment_status":"closed","ping_status":"closed","template":"","meta":{"footnotes":""},"class_list":["post-162","page","type-page","status-publish","hentry"],"yoast_head":"<!-- This site is optimized with the Yoast SEO plugin v26.3 - https:\/\/yoast.com\/wordpress\/plugins\/seo\/ -->\n<title>Privacy - Sexmegle<\/title>\n<meta name=\"robots\" content=\"index, follow, max-snippet:-1, max-image-preview:large, max-video-preview:-1\" \/>\n<link rel=\"canonical\" href=\"https:\/\/sexmegle.com\/fr\/privacy\/\" \/>\n<meta property=\"og:locale\" content=\"fr_FR\" \/>\n<meta property=\"og:type\" content=\"article\" \/>\n<meta property=\"og:title\" content=\"Privacy - Sexmegle\" \/>\n<meta property=\"og:description\" content=\"Effective Date: 23 May 2025 Sexmegle.com (\u201cSexmegle\u201d, \u201cwe\u201d, \u201cus\u201d, or \u201cour\u201d) is committed to protecting your privacy and providing a secure environment for anonymous online communication. This Privacy Policy explains how we collect, use, protect, and disclose information when you use our platform. By using Sexmegle, you agree to the terms set forth in this [&hellip;]\" \/>\n<meta property=\"og:url\" content=\"https:\/\/sexmegle.com\/fr\/privacy\/\" \/>\n<meta property=\"og:site_name\" content=\"Sexmegle\" \/>\n<meta property=\"article:modified_time\" content=\"2025-05-23T14:10:49+00:00\" \/>\n<meta name=\"twitter:card\" content=\"summary_large_image\" \/>\n<meta name=\"twitter:label1\" content=\"Dur\u00e9e de lecture estim\u00e9e\" \/>\n\t<meta name=\"twitter:data1\" content=\"3 minutes\" \/>\n<script type=\"application\/ld+json\" class=\"yoast-schema-graph\">{\"@context\":\"https:\/\/schema.org\",\"@graph\":[{\"@type\":\"WebPage\",\"@id\":\"https:\/\/sexmegle.com\/privacy\/\",\"url\":\"https:\/\/sexmegle.com\/privacy\/\",\"name\":\"Privacy - Sexmegle\",\"isPartOf\":{\"@id\":\"https:\/\/sexmegle.com\/#website\"},\"datePublished\":\"2025-02-28T12:44:02+00:00\",\"dateModified\":\"2025-05-23T14:10:49+00:00\",\"breadcrumb\":{\"@id\":\"https:\/\/sexmegle.com\/privacy\/#breadcrumb\"},\"inLanguage\":\"fr-FR\",\"potentialAction\":[{\"@type\":\"ReadAction\",\"target\":[\"https:\/\/sexmegle.com\/privacy\/\"]}]},{\"@type\":\"BreadcrumbList\",\"@id\":\"https:\/\/sexmegle.com\/privacy\/#breadcrumb\",\"itemListElement\":[{\"@type\":\"ListItem\",\"position\":1,\"name\":\"Home\",\"item\":\"https:\/\/sexmegle.com\/\"},{\"@type\":\"ListItem\",\"position\":2,\"name\":\"Privacy\"}]},{\"@type\":\"WebSite\",\"@id\":\"https:\/\/sexmegle.com\/#website\",\"url\":\"https:\/\/sexmegle.com\/\",\"name\":\"Sexmegle\",\"description\":\"\",\"publisher\":{\"@id\":\"https:\/\/sexmegle.com\/#organization\"},\"potentialAction\":[{\"@type\":\"SearchAction\",\"target\":{\"@type\":\"EntryPoint\",\"urlTemplate\":\"https:\/\/sexmegle.com\/?s={search_term_string}\"},\"query-input\":{\"@type\":\"PropertyValueSpecification\",\"valueRequired\":true,\"valueName\":\"search_term_string\"}}],\"inLanguage\":\"fr-FR\"},{\"@type\":\"Organization\",\"@id\":\"https:\/\/sexmegle.com\/#organization\",\"name\":\"Sexmegle\",\"url\":\"https:\/\/sexmegle.com\/\",\"logo\":{\"@type\":\"ImageObject\",\"inLanguage\":\"fr-FR\",\"@id\":\"https:\/\/sexmegle.com\/#\/schema\/logo\/image\/\",\"url\":\"https:\/\/sexmegle.com\/wp-content\/uploads\/2025\/02\/ohmegle-logo.png\",\"contentUrl\":\"https:\/\/sexmegle.com\/wp-content\/uploads\/2025\/02\/ohmegle-logo.png\",\"width\":300,\"height\":65,\"caption\":\"Sexmegle\"},\"image\":{\"@id\":\"https:\/\/sexmegle.com\/#\/schema\/logo\/image\/\"}}]}<\/script>\n<!-- \/ Yoast SEO plugin. -->","yoast_head_json":{"title":"Privacy - Sexmegle","robots":{"index":"index","follow":"follow","max-snippet":"max-snippet:-1","max-image-preview":"max-image-preview:large","max-video-preview":"max-video-preview:-1"},"canonical":"https:\/\/sexmegle.com\/fr\/privacy\/","og_locale":"fr_FR","og_type":"article","og_title":"Privacy - Sexmegle","og_description":"Effective Date: 23 May 2025 Sexmegle.com (\u201cSexmegle\u201d, \u201cwe\u201d, \u201cus\u201d, or \u201cour\u201d) is committed to protecting your privacy and providing a secure environment for anonymous online communication. This Privacy Policy explains how we collect, use, protect, and disclose information when you use our platform. By using Sexmegle, you agree to the terms set forth in this [&hellip;]","og_url":"https:\/\/sexmegle.com\/fr\/privacy\/","og_site_name":"Sexmegle","article_modified_time":"2025-05-23T14:10:49+00:00","twitter_card":"summary_large_image","twitter_misc":{"Dur\u00e9e de lecture estim\u00e9e":"3 minutes"},"schema":{"@context":"https:\/\/schema.org","@graph":[{"@type":"WebPage","@id":"https:\/\/sexmegle.com\/privacy\/","url":"https:\/\/sexmegle.com\/privacy\/","name":"Privacy - Sexmegle","isPartOf":{"@id":"https:\/\/sexmegle.com\/#website"},"datePublished":"2025-02-28T12:44:02+00:00","dateModified":"2025-05-23T14:10:49+00:00","breadcrumb":{"@id":"https:\/\/sexmegle.com\/privacy\/#breadcrumb"},"inLanguage":"fr-FR","potentialAction":[{"@type":"ReadAction","target":["https:\/\/sexmegle.com\/privacy\/"]}]},{"@type":"BreadcrumbList","@id":"https:\/\/sexmegle.com\/privacy\/#breadcrumb","itemListElement":[{"@type":"ListItem","position":1,"name":"Home","item":"https:\/\/sexmegle.com\/"},{"@type":"ListItem","position":2,"name":"Privacy"}]},{"@type":"WebSite","@id":"https:\/\/sexmegle.com\/#website","url":"https:\/\/sexmegle.com\/","name":"Sexmegle","description":"","publisher":{"@id":"https:\/\/sexmegle.com\/#organization"},"potentialAction":[{"@type":"SearchAction","target":{"@type":"EntryPoint","urlTemplate":"https:\/\/sexmegle.com\/?s={search_term_string}"},"query-input":{"@type":"PropertyValueSpecification","valueRequired":true,"valueName":"search_term_string"}}],"inLanguage":"fr-FR"},{"@type":"Organization","@id":"https:\/\/sexmegle.com\/#organization","name":"Sexmegle","url":"https:\/\/sexmegle.com\/","logo":{"@type":"ImageObject","inLanguage":"fr-FR","@id":"https:\/\/sexmegle.com\/#\/schema\/logo\/image\/","url":"https:\/\/sexmegle.com\/wp-content\/uploads\/2025\/02\/ohmegle-logo.png","contentUrl":"https:\/\/sexmegle.com\/wp-content\/uploads\/2025\/02\/ohmegle-logo.png","width":300,"height":65,"caption":"Sexmegle"},"image":{"@id":"https:\/\/sexmegle.com\/#\/schema\/logo\/image\/"}}]}},"_links":{"self":[{"href":"https:\/\/sexmegle.com\/fr\/wp-json\/wp\/v2\/pages\/162","targetHints":{"allow":["GET"]}}],"collection":[{"href":"https:\/\/sexmegle.com\/fr\/wp-json\/wp\/v2\/pages"}],"about":[{"href":"https:\/\/sexmegle.com\/fr\/wp-json\/wp\/v2\/types\/page"}],"author":[{"embeddable":true,"href":"https:\/\/sexmegle.com\/fr\/wp-json\/wp\/v2\/users\/1"}],"replies":[{"embeddable":true,"href":"https:\/\/sexmegle.com\/fr\/wp-json\/wp\/v2\/comments?post=162"}],"version-history":[{"count":4,"href":"https:\/\/sexmegle.com\/fr\/wp-json\/wp\/v2\/pages\/162\/revisions"}],"predecessor-version":[{"id":368,"href":"https:\/\/sexmegle.com\/fr\/wp-json\/wp\/v2\/pages\/162\/revisions\/368"}],"wp:attachment":[{"href":"https:\/\/sexmegle.com\/fr\/wp-json\/wp\/v2\/media?parent=162"}],"curies":[{"name":"wp","href":"https:\/\/api.w.org\/{rel}","templated":true}]}}