{"id":369,"date":"2025-05-23T14:11:23","date_gmt":"2025-05-23T14:11:23","guid":{"rendered":"https:\/\/sexmegle.com\/?page_id=369"},"modified":"2025-05-23T14:13:32","modified_gmt":"2025-05-23T14:13:32","slug":"disclaimer","status":"publish","type":"page","link":"https:\/\/sexmegle.com\/fr\/disclaimer\/","title":{"rendered":"Clause de non-responsabilit\u00e9"},"content":{"rendered":"<p data-start=\"254\" data-end=\"575\">Date d&#039;entr\u00e9e en vigueur : 23 mai 2025<\/p>\n<p data-start=\"254\" data-end=\"575\">Les informations fournies sur Sexmegle.com (\u00ab Sexmegle \u00bb, \u00ab nous \u00bb, \u00ab notre \u00bb ou \u00ab nos \u00bb) sont fournies \u00e0 titre informatif et de divertissement uniquement. En acc\u00e9dant \u00e0 cette plateforme et en l&#039;utilisant, vous acceptez la pr\u00e9sente clause de non-responsabilit\u00e9 et reconnaissez l&#039;enti\u00e8re responsabilit\u00e9 de vos actes lors de votre utilisation de Sexmegle.<\/p>\n<h3 data-start=\"582\" data-end=\"613\">1. Utilisez \u00e0 vos propres risques<\/h3>\n<p data-start=\"615\" data-end=\"884\">Sexmegle est une plateforme de chat vid\u00e9o gratuite, anonyme et en temps r\u00e9el qui met en relation des utilisateurs avec des inconnus pour des conversations en direct et improvis\u00e9es. Bien que nous nous efforcions de fournir un environnement s\u00fbr et mod\u00e9r\u00e9, nous ne pouvons ni contr\u00f4ler ni garantir les actions ou le comportement des autres utilisateurs.<\/p>\n<p data-start=\"886\" data-end=\"1035\">Toute utilisation de la plateforme se fait \u00e0 vos propres risques. Vous \u00eates seul responsable de vos interactions et des informations que vous choisissez de partager ou de recevoir.<\/p>\n<h3 data-start=\"1042\" data-end=\"1075\">2. Aucun conseil professionnel<\/h3>\n<p data-start=\"1077\" data-end=\"1391\">Sexmegle n&#039;a pas pour vocation de fournir des conseils professionnels, m\u00e9dicaux, juridiques ou psychologiques. Les discussions et informations \u00e9chang\u00e9es via la plateforme ne doivent en aucun cas se substituer \u00e0 une consultation professionnelle. Nous ne v\u00e9rifions pas l&#039;identit\u00e9, les ant\u00e9c\u00e9dents ni les qualifications des utilisateurs.<\/p>\n<h3 data-start=\"1398\" data-end=\"1448\">3. Aucune responsabilit\u00e9 pour le contenu g\u00e9n\u00e9r\u00e9 par l&#039;utilisateur<\/h3>\n<p data-start=\"1450\" data-end=\"1695\">Nous ne v\u00e9rifions ni n&#039;approuvons le contenu partag\u00e9 par les utilisateurs lors des conversations vid\u00e9o ou \u00e9crites. Sexmegle d\u00e9cline toute responsabilit\u00e9 quant au contenu, au comportement ou aux pr\u00e9judices pouvant r\u00e9sulter des interactions des utilisateurs, y compris, mais sans s&#039;y limiter\u00a0:<\/p>\n<ul>\n<li data-start=\"1699\" data-end=\"1746\">Contenu offensant, explicite ou inappropri\u00e9<\/li>\n<li data-start=\"1749\" data-end=\"1784\">Fausses d\u00e9clarations ou fausses d\u00e9clarations<\/li>\n<li data-start=\"1787\" data-end=\"1806\">Comportement ill\u00e9gal<\/li>\n<li data-start=\"1809\" data-end=\"1850\">Harc\u00e8lement, menaces ou conduite abusive<\/li>\n<li data-start=\"1853\" data-end=\"1881\">Sollicitation ou manipulation<\/li>\n<\/ul>\n<p data-start=\"1883\" data-end=\"1991\">Si vous rencontrez un comportement inappropri\u00e9, veuillez le signaler imm\u00e9diatement en utilisant la fonction \u00ab\u00a0Signaler\u00a0\u00bb de la plateforme.<\/p>\n<h3 data-start=\"1998\" data-end=\"2045\">4. Aucune garantie de disponibilit\u00e9 du service<\/h3>\n<p data-start=\"2047\" data-end=\"2320\">Sexmegle est propos\u00e9 \u00ab\u00a0en l&#039;\u00e9tat\u00a0\u00bb et \u00ab\u00a0selon disponibilit\u00e9\u00a0\u00bb. Nous n&#039;offrons aucune garantie quant \u00e0 la disponibilit\u00e9, la vitesse de connexion ou l&#039;acc\u00e8s ininterrompu. Nous nous r\u00e9servons le droit de modifier, suspendre ou interrompre la plateforme \u00e0 tout moment, sans pr\u00e9avis ni responsabilit\u00e9.<\/p>\n<h3 data-start=\"2327\" data-end=\"2373\">5. Restriction d&#039;\u00e2ge et avertissement sur le contenu<\/h3>\n<p data-start=\"2375\" data-end=\"2624\">Sexmegle est strictement destin\u00e9 aux utilisateurs \u00e2g\u00e9s de 18 ans ou plus.<br data-start=\"2443\" data-end=\"2446\" \/>Nous n&#039;autorisons pas sciemment l&#039;acc\u00e8s aux mineurs et prenons tr\u00e8s au s\u00e9rieux les signalements d&#039;utilisation par des mineurs. L&#039;utilisation de cette plateforme par une personne de moins de 18 ans constitue une violation directe de nos Conditions d&#039;utilisation.<\/p>\n<p data-start=\"2626\" data-end=\"2856\">En raison du caract\u00e8re anonyme et en direct de la plateforme, vous pourriez \u00eatre expos\u00e9 \u00e0 du contenu r\u00e9serv\u00e9 aux adultes ou offensant. Si vous \u00eates susceptible ou mineur dans votre juridiction, vous n&#039;\u00eates pas autoris\u00e9 \u00e0 utiliser Sexmegle.<\/p>\n<h3 data-start=\"2863\" data-end=\"2891\">6. Coop\u00e9ration juridique<\/h3>\n<p data-start=\"2893\" data-end=\"3151\">Sexmegle coop\u00e8re avec les forces de l&#039;ordre et se conforme \u00e0 toutes les lois applicables. Si une demande l\u00e9gale valide l&#039;exige, nous pouvons divulguer des informations techniques limit\u00e9es (telles que les adresses IP et les horodatages) \u00e0 des fins d&#039;enqu\u00eate sur des abus ou des activit\u00e9s ill\u00e9gales.<\/p>\n<h3 data-start=\"3158\" data-end=\"3183\">7. Liens externes<\/h3>\n<p data-start=\"3185\" data-end=\"3412\">Notre plateforme peut inclure des liens vers des sites web tiers. Ces liens sont fournis pour votre commodit\u00e9, mais nous ne contr\u00f4lons ni n&#039;approuvons leur contenu, leurs politiques ou leurs pratiques. L&#039;utilisation de ces sites tiers se fait \u00e0 vos propres risques.<\/p>\n<h3 data-start=\"3419\" data-end=\"3453\">8. Limitation de responsabilit\u00e9<\/h3>\n<p data-start=\"3455\" data-end=\"3763\">Dans toute la mesure permise par la loi, Sexmegle d\u00e9cline toute responsabilit\u00e9 pour toute perte, tout dommage, toute blessure ou tout pr\u00e9judice r\u00e9sultant de votre utilisation de la plateforme. Cela inclut, sans s&#039;y limiter, la d\u00e9tresse \u00e9motionnelle, la perte de donn\u00e9es, l&#039;exposition d&#039;identit\u00e9 ou les cons\u00e9quences juridiques r\u00e9sultant de vos interactions sur le site.<\/p>\n<h3 data-start=\"3770\" data-end=\"3805\">9. Acceptation de la clause de non-responsabilit\u00e9<\/h3>\n<p data-start=\"3807\" data-end=\"4015\">En utilisant Sexmegle, vous confirmez avoir lu, compris et accept\u00e9 l&#039;int\u00e9gralit\u00e9 de cette clause de non-responsabilit\u00e9. Si vous n&#039;acceptez pas une quelconque partie de cette clause, vous devez cesser imm\u00e9diatement d&#039;utiliser la plateforme.<\/p>\n<h3 data-start=\"4022\" data-end=\"4041\">10. Contact<\/h3>\n<p data-start=\"4043\" data-end=\"4187\">Si vous avez des questions sur cette clause de non-responsabilit\u00e9 ou des pr\u00e9occupations juridiques concernant l&#039;utilisation de Sexmegle, veuillez nous contacter via notre page de contact.<\/p>","protected":false},"excerpt":{"rendered":"<p>Date d&#039;entr\u00e9e en vigueur\u00a0: 23\u00a0mai\u00a02025. Les informations fournies sur Sexmegle.com (\u00ab\u00a0Sexmegle\u00a0\u00bb, \u00ab\u00a0nous\u00a0\u00bb, \u00ab\u00a0notre\u00a0\u00bb ou \u00ab\u00a0nos\u00a0\u00bb) sont fournies \u00e0 titre informatif et de divertissement uniquement. En acc\u00e9dant \u00e0 cette plateforme et en l&#039;utilisant, vous acceptez la pr\u00e9sente clause de non-responsabilit\u00e9 et reconnaissez l&#039;enti\u00e8re responsabilit\u00e9 de vos actes lors de l&#039;utilisation de Sexmegle. 1. Utilisation \u00e0 vos propres risques. Sexmegle est une plateforme gratuite, [\u2026]<\/p>","protected":false},"author":1,"featured_media":0,"parent":0,"menu_order":0,"comment_status":"closed","ping_status":"closed","template":"","meta":{"footnotes":""},"class_list":["post-369","page","type-page","status-publish","hentry"],"yoast_head":"<!-- This site is optimized with the Yoast SEO plugin v26.3 - https:\/\/yoast.com\/wordpress\/plugins\/seo\/ -->\n<title>Disclaimer - Sexmegle<\/title>\n<meta name=\"robots\" content=\"index, follow, max-snippet:-1, max-image-preview:large, max-video-preview:-1\" \/>\n<link rel=\"canonical\" href=\"https:\/\/sexmegle.com\/fr\/disclaimer\/\" \/>\n<meta property=\"og:locale\" content=\"fr_FR\" \/>\n<meta property=\"og:type\" content=\"article\" \/>\n<meta property=\"og:title\" content=\"Disclaimer - Sexmegle\" \/>\n<meta property=\"og:description\" content=\"Effective Date: 23 May 2025 The information provided on Sexmegle.com (\u201cSexmegle\u201d, \u201cwe\u201d, \u201cour\u201d, or \u201cus\u201d) is for general informational and entertainment purposes only. By accessing and using this platform, you agree to this Disclaimer and acknowledge your full responsibility for your actions while using Sexmegle. 1. Use at Your Own Risk Sexmegle is a free, [&hellip;]\" \/>\n<meta property=\"og:url\" content=\"https:\/\/sexmegle.com\/fr\/disclaimer\/\" \/>\n<meta property=\"og:site_name\" content=\"Sexmegle\" \/>\n<meta property=\"article:modified_time\" content=\"2025-05-23T14:13:32+00:00\" \/>\n<meta name=\"twitter:card\" content=\"summary_large_image\" \/>\n<meta name=\"twitter:label1\" content=\"Dur\u00e9e de lecture estim\u00e9e\" \/>\n\t<meta name=\"twitter:data1\" content=\"3 minutes\" \/>\n<script type=\"application\/ld+json\" class=\"yoast-schema-graph\">{\"@context\":\"https:\/\/schema.org\",\"@graph\":[{\"@type\":\"WebPage\",\"@id\":\"https:\/\/sexmegle.com\/disclaimer\/\",\"url\":\"https:\/\/sexmegle.com\/disclaimer\/\",\"name\":\"Disclaimer - Sexmegle\",\"isPartOf\":{\"@id\":\"https:\/\/sexmegle.com\/#website\"},\"datePublished\":\"2025-05-23T14:11:23+00:00\",\"dateModified\":\"2025-05-23T14:13:32+00:00\",\"breadcrumb\":{\"@id\":\"https:\/\/sexmegle.com\/disclaimer\/#breadcrumb\"},\"inLanguage\":\"fr-FR\",\"potentialAction\":[{\"@type\":\"ReadAction\",\"target\":[\"https:\/\/sexmegle.com\/disclaimer\/\"]}]},{\"@type\":\"BreadcrumbList\",\"@id\":\"https:\/\/sexmegle.com\/disclaimer\/#breadcrumb\",\"itemListElement\":[{\"@type\":\"ListItem\",\"position\":1,\"name\":\"Home\",\"item\":\"https:\/\/sexmegle.com\/\"},{\"@type\":\"ListItem\",\"position\":2,\"name\":\"Disclaimer\"}]},{\"@type\":\"WebSite\",\"@id\":\"https:\/\/sexmegle.com\/#website\",\"url\":\"https:\/\/sexmegle.com\/\",\"name\":\"Sexmegle\",\"description\":\"\",\"publisher\":{\"@id\":\"https:\/\/sexmegle.com\/#organization\"},\"potentialAction\":[{\"@type\":\"SearchAction\",\"target\":{\"@type\":\"EntryPoint\",\"urlTemplate\":\"https:\/\/sexmegle.com\/?s={search_term_string}\"},\"query-input\":{\"@type\":\"PropertyValueSpecification\",\"valueRequired\":true,\"valueName\":\"search_term_string\"}}],\"inLanguage\":\"fr-FR\"},{\"@type\":\"Organization\",\"@id\":\"https:\/\/sexmegle.com\/#organization\",\"name\":\"Sexmegle\",\"url\":\"https:\/\/sexmegle.com\/\",\"logo\":{\"@type\":\"ImageObject\",\"inLanguage\":\"fr-FR\",\"@id\":\"https:\/\/sexmegle.com\/#\/schema\/logo\/image\/\",\"url\":\"https:\/\/sexmegle.com\/wp-content\/uploads\/2025\/02\/ohmegle-logo.png\",\"contentUrl\":\"https:\/\/sexmegle.com\/wp-content\/uploads\/2025\/02\/ohmegle-logo.png\",\"width\":300,\"height\":65,\"caption\":\"Sexmegle\"},\"image\":{\"@id\":\"https:\/\/sexmegle.com\/#\/schema\/logo\/image\/\"}}]}<\/script>\n<!-- \/ Yoast SEO plugin. -->","yoast_head_json":{"title":"Disclaimer - Sexmegle","robots":{"index":"index","follow":"follow","max-snippet":"max-snippet:-1","max-image-preview":"max-image-preview:large","max-video-preview":"max-video-preview:-1"},"canonical":"https:\/\/sexmegle.com\/fr\/disclaimer\/","og_locale":"fr_FR","og_type":"article","og_title":"Disclaimer - Sexmegle","og_description":"Effective Date: 23 May 2025 The information provided on Sexmegle.com (\u201cSexmegle\u201d, \u201cwe\u201d, \u201cour\u201d, or \u201cus\u201d) is for general informational and entertainment purposes only. By accessing and using this platform, you agree to this Disclaimer and acknowledge your full responsibility for your actions while using Sexmegle. 1. Use at Your Own Risk Sexmegle is a free, [&hellip;]","og_url":"https:\/\/sexmegle.com\/fr\/disclaimer\/","og_site_name":"Sexmegle","article_modified_time":"2025-05-23T14:13:32+00:00","twitter_card":"summary_large_image","twitter_misc":{"Dur\u00e9e de lecture estim\u00e9e":"3 minutes"},"schema":{"@context":"https:\/\/schema.org","@graph":[{"@type":"WebPage","@id":"https:\/\/sexmegle.com\/disclaimer\/","url":"https:\/\/sexmegle.com\/disclaimer\/","name":"Disclaimer - Sexmegle","isPartOf":{"@id":"https:\/\/sexmegle.com\/#website"},"datePublished":"2025-05-23T14:11:23+00:00","dateModified":"2025-05-23T14:13:32+00:00","breadcrumb":{"@id":"https:\/\/sexmegle.com\/disclaimer\/#breadcrumb"},"inLanguage":"fr-FR","potentialAction":[{"@type":"ReadAction","target":["https:\/\/sexmegle.com\/disclaimer\/"]}]},{"@type":"BreadcrumbList","@id":"https:\/\/sexmegle.com\/disclaimer\/#breadcrumb","itemListElement":[{"@type":"ListItem","position":1,"name":"Home","item":"https:\/\/sexmegle.com\/"},{"@type":"ListItem","position":2,"name":"Disclaimer"}]},{"@type":"WebSite","@id":"https:\/\/sexmegle.com\/#website","url":"https:\/\/sexmegle.com\/","name":"Sexmegle","description":"","publisher":{"@id":"https:\/\/sexmegle.com\/#organization"},"potentialAction":[{"@type":"SearchAction","target":{"@type":"EntryPoint","urlTemplate":"https:\/\/sexmegle.com\/?s={search_term_string}"},"query-input":{"@type":"PropertyValueSpecification","valueRequired":true,"valueName":"search_term_string"}}],"inLanguage":"fr-FR"},{"@type":"Organization","@id":"https:\/\/sexmegle.com\/#organization","name":"Sexmegle","url":"https:\/\/sexmegle.com\/","logo":{"@type":"ImageObject","inLanguage":"fr-FR","@id":"https:\/\/sexmegle.com\/#\/schema\/logo\/image\/","url":"https:\/\/sexmegle.com\/wp-content\/uploads\/2025\/02\/ohmegle-logo.png","contentUrl":"https:\/\/sexmegle.com\/wp-content\/uploads\/2025\/02\/ohmegle-logo.png","width":300,"height":65,"caption":"Sexmegle"},"image":{"@id":"https:\/\/sexmegle.com\/#\/schema\/logo\/image\/"}}]}},"_links":{"self":[{"href":"https:\/\/sexmegle.com\/fr\/wp-json\/wp\/v2\/pages\/369","targetHints":{"allow":["GET"]}}],"collection":[{"href":"https:\/\/sexmegle.com\/fr\/wp-json\/wp\/v2\/pages"}],"about":[{"href":"https:\/\/sexmegle.com\/fr\/wp-json\/wp\/v2\/types\/page"}],"author":[{"embeddable":true,"href":"https:\/\/sexmegle.com\/fr\/wp-json\/wp\/v2\/users\/1"}],"replies":[{"embeddable":true,"href":"https:\/\/sexmegle.com\/fr\/wp-json\/wp\/v2\/comments?post=369"}],"version-history":[{"count":3,"href":"https:\/\/sexmegle.com\/fr\/wp-json\/wp\/v2\/pages\/369\/revisions"}],"predecessor-version":[{"id":374,"href":"https:\/\/sexmegle.com\/fr\/wp-json\/wp\/v2\/pages\/369\/revisions\/374"}],"wp:attachment":[{"href":"https:\/\/sexmegle.com\/fr\/wp-json\/wp\/v2\/media?parent=369"}],"curies":[{"name":"wp","href":"https:\/\/api.w.org\/{rel}","templated":true}]}}