{"id":169,"date":"2025-02-28T12:50:02","date_gmt":"2025-02-28T12:50:02","guid":{"rendered":"https:\/\/sexmegle.com\/?page_id=169"},"modified":"2025-05-23T14:14:22","modified_gmt":"2025-05-23T14:14:22","slug":"contact","status":"publish","type":"page","link":"https:\/\/sexmegle.com\/pl\/contact\/","title":{"rendered":"Kontakt"},"content":{"rendered":"<p data-start=\"186\" data-end=\"416\">Je\u015bli masz jakiekolwiek pytania, w\u0105tpliwo\u015bci, uwagi lub potrzebujesz wsparcia, nie wahaj si\u0119 z nami skontaktowa\u0107. Wystarczy wype\u0142ni\u0107 poni\u017cszy formularz kontaktowy, a cz\u0142onek zespo\u0142u Sexmegle przejrzy Twoj\u0105 wiadomo\u015b\u0107 i odpowie najszybciej, jak to mo\u017cliwe.<\/p>\n<p data-start=\"418\" data-end=\"566\">Niezale\u017cnie od tego, czy chcesz zg\u0142osi\u0107 problem, zaproponowa\u0107 now\u0105 funkcj\u0119, czy po prostu podzieli\u0107 si\u0119 swoimi do\u015bwiadczeniami, jeste\u015bmy gotowi Ci pom\u00f3c i zawsze cenimy Twoj\u0105 opini\u0119.<\/p>\n<p data-start=\"568\" data-end=\"648\">Dzi\u0119kujemy za kontakt z Sexmegle \u2014 nowym standardem w rozmowach wideo.<\/p>","protected":false},"excerpt":{"rendered":"<p>Je\u015bli masz jakiekolwiek pytania, w\u0105tpliwo\u015bci, uwagi lub potrzebujesz wsparcia, nie wahaj si\u0119 z nami skontaktowa\u0107. Wystarczy wype\u0142ni\u0107 poni\u017cszy formularz kontaktowy, a cz\u0142onek zespo\u0142u Sexmegle przejrzy Twoj\u0105 wiadomo\u015b\u0107 i odpowie najszybciej, jak to mo\u017cliwe. Niezale\u017cnie od tego, czy zg\u0142aszasz problem, sugerujesz funkcj\u0119, czy po prostu chcesz podzieli\u0107 si\u0119 swoim do\u015bwiadczeniem, [\u2026]<\/p>","protected":false},"author":1,"featured_media":0,"parent":0,"menu_order":0,"comment_status":"closed","ping_status":"closed","template":"","meta":{"footnotes":""},"class_list":["post-169","page","type-page","status-publish","hentry"],"yoast_head":"<!-- This site is optimized with the Yoast SEO plugin v26.3 - https:\/\/yoast.com\/wordpress\/plugins\/seo\/ -->\n<title>Contact - Sexmegle<\/title>\n<meta name=\"robots\" content=\"index, follow, max-snippet:-1, max-image-preview:large, max-video-preview:-1\" \/>\n<link rel=\"canonical\" href=\"https:\/\/sexmegle.com\/pl\/contact\/\" \/>\n<meta property=\"og:locale\" content=\"pl_PL\" \/>\n<meta property=\"og:type\" content=\"article\" \/>\n<meta property=\"og:title\" content=\"Contact - Sexmegle\" \/>\n<meta property=\"og:description\" content=\"If you have any questions, concerns, feedback, or need support, please don\u2019t hesitate to reach out. Simply fill out the contact form below, and a member of the Sexmegle team will review your message and respond as soon as possible. Whether you&#8217;re reporting an issue, suggesting a feature, or just want to share your experience, [&hellip;]\" \/>\n<meta property=\"og:url\" content=\"https:\/\/sexmegle.com\/pl\/contact\/\" \/>\n<meta property=\"og:site_name\" content=\"Sexmegle\" \/>\n<meta property=\"article:modified_time\" content=\"2025-05-23T14:14:22+00:00\" \/>\n<meta name=\"twitter:card\" content=\"summary_large_image\" \/>\n<meta name=\"twitter:label1\" content=\"Szacowany czas czytania\" \/>\n\t<meta name=\"twitter:data1\" content=\"1 minuta\" \/>\n<script type=\"application\/ld+json\" class=\"yoast-schema-graph\">{\"@context\":\"https:\/\/schema.org\",\"@graph\":[{\"@type\":\"WebPage\",\"@id\":\"https:\/\/sexmegle.com\/contact\/\",\"url\":\"https:\/\/sexmegle.com\/contact\/\",\"name\":\"Contact - Sexmegle\",\"isPartOf\":{\"@id\":\"https:\/\/sexmegle.com\/#website\"},\"datePublished\":\"2025-02-28T12:50:02+00:00\",\"dateModified\":\"2025-05-23T14:14:22+00:00\",\"breadcrumb\":{\"@id\":\"https:\/\/sexmegle.com\/contact\/#breadcrumb\"},\"inLanguage\":\"pl-PL\",\"potentialAction\":[{\"@type\":\"ReadAction\",\"target\":[\"https:\/\/sexmegle.com\/contact\/\"]}]},{\"@type\":\"BreadcrumbList\",\"@id\":\"https:\/\/sexmegle.com\/contact\/#breadcrumb\",\"itemListElement\":[{\"@type\":\"ListItem\",\"position\":1,\"name\":\"Home\",\"item\":\"https:\/\/sexmegle.com\/\"},{\"@type\":\"ListItem\",\"position\":2,\"name\":\"Contact\"}]},{\"@type\":\"WebSite\",\"@id\":\"https:\/\/sexmegle.com\/#website\",\"url\":\"https:\/\/sexmegle.com\/\",\"name\":\"Sexmegle\",\"description\":\"\",\"publisher\":{\"@id\":\"https:\/\/sexmegle.com\/#organization\"},\"potentialAction\":[{\"@type\":\"SearchAction\",\"target\":{\"@type\":\"EntryPoint\",\"urlTemplate\":\"https:\/\/sexmegle.com\/?s={search_term_string}\"},\"query-input\":{\"@type\":\"PropertyValueSpecification\",\"valueRequired\":true,\"valueName\":\"search_term_string\"}}],\"inLanguage\":\"pl-PL\"},{\"@type\":\"Organization\",\"@id\":\"https:\/\/sexmegle.com\/#organization\",\"name\":\"Sexmegle\",\"url\":\"https:\/\/sexmegle.com\/\",\"logo\":{\"@type\":\"ImageObject\",\"inLanguage\":\"pl-PL\",\"@id\":\"https:\/\/sexmegle.com\/#\/schema\/logo\/image\/\",\"url\":\"https:\/\/sexmegle.com\/wp-content\/uploads\/2025\/02\/ohmegle-logo.png\",\"contentUrl\":\"https:\/\/sexmegle.com\/wp-content\/uploads\/2025\/02\/ohmegle-logo.png\",\"width\":300,\"height\":65,\"caption\":\"Sexmegle\"},\"image\":{\"@id\":\"https:\/\/sexmegle.com\/#\/schema\/logo\/image\/\"}}]}<\/script>\n<!-- \/ Yoast SEO plugin. -->","yoast_head_json":{"title":"Contact - Sexmegle","robots":{"index":"index","follow":"follow","max-snippet":"max-snippet:-1","max-image-preview":"max-image-preview:large","max-video-preview":"max-video-preview:-1"},"canonical":"https:\/\/sexmegle.com\/pl\/contact\/","og_locale":"pl_PL","og_type":"article","og_title":"Contact - Sexmegle","og_description":"If you have any questions, concerns, feedback, or need support, please don\u2019t hesitate to reach out. Simply fill out the contact form below, and a member of the Sexmegle team will review your message and respond as soon as possible. Whether you&#8217;re reporting an issue, suggesting a feature, or just want to share your experience, [&hellip;]","og_url":"https:\/\/sexmegle.com\/pl\/contact\/","og_site_name":"Sexmegle","article_modified_time":"2025-05-23T14:14:22+00:00","twitter_card":"summary_large_image","twitter_misc":{"Szacowany czas czytania":"1 minuta"},"schema":{"@context":"https:\/\/schema.org","@graph":[{"@type":"WebPage","@id":"https:\/\/sexmegle.com\/contact\/","url":"https:\/\/sexmegle.com\/contact\/","name":"Contact - Sexmegle","isPartOf":{"@id":"https:\/\/sexmegle.com\/#website"},"datePublished":"2025-02-28T12:50:02+00:00","dateModified":"2025-05-23T14:14:22+00:00","breadcrumb":{"@id":"https:\/\/sexmegle.com\/contact\/#breadcrumb"},"inLanguage":"pl-PL","potentialAction":[{"@type":"ReadAction","target":["https:\/\/sexmegle.com\/contact\/"]}]},{"@type":"BreadcrumbList","@id":"https:\/\/sexmegle.com\/contact\/#breadcrumb","itemListElement":[{"@type":"ListItem","position":1,"name":"Home","item":"https:\/\/sexmegle.com\/"},{"@type":"ListItem","position":2,"name":"Contact"}]},{"@type":"WebSite","@id":"https:\/\/sexmegle.com\/#website","url":"https:\/\/sexmegle.com\/","name":"Sexmegle","description":"","publisher":{"@id":"https:\/\/sexmegle.com\/#organization"},"potentialAction":[{"@type":"SearchAction","target":{"@type":"EntryPoint","urlTemplate":"https:\/\/sexmegle.com\/?s={search_term_string}"},"query-input":{"@type":"PropertyValueSpecification","valueRequired":true,"valueName":"search_term_string"}}],"inLanguage":"pl-PL"},{"@type":"Organization","@id":"https:\/\/sexmegle.com\/#organization","name":"Sexmegle","url":"https:\/\/sexmegle.com\/","logo":{"@type":"ImageObject","inLanguage":"pl-PL","@id":"https:\/\/sexmegle.com\/#\/schema\/logo\/image\/","url":"https:\/\/sexmegle.com\/wp-content\/uploads\/2025\/02\/ohmegle-logo.png","contentUrl":"https:\/\/sexmegle.com\/wp-content\/uploads\/2025\/02\/ohmegle-logo.png","width":300,"height":65,"caption":"Sexmegle"},"image":{"@id":"https:\/\/sexmegle.com\/#\/schema\/logo\/image\/"}}]}},"_links":{"self":[{"href":"https:\/\/sexmegle.com\/pl\/wp-json\/wp\/v2\/pages\/169","targetHints":{"allow":["GET"]}}],"collection":[{"href":"https:\/\/sexmegle.com\/pl\/wp-json\/wp\/v2\/pages"}],"about":[{"href":"https:\/\/sexmegle.com\/pl\/wp-json\/wp\/v2\/types\/page"}],"author":[{"embeddable":true,"href":"https:\/\/sexmegle.com\/pl\/wp-json\/wp\/v2\/users\/1"}],"replies":[{"embeddable":true,"href":"https:\/\/sexmegle.com\/pl\/wp-json\/wp\/v2\/comments?post=169"}],"version-history":[{"count":2,"href":"https:\/\/sexmegle.com\/pl\/wp-json\/wp\/v2\/pages\/169\/revisions"}],"predecessor-version":[{"id":375,"href":"https:\/\/sexmegle.com\/pl\/wp-json\/wp\/v2\/pages\/169\/revisions\/375"}],"wp:attachment":[{"href":"https:\/\/sexmegle.com\/pl\/wp-json\/wp\/v2\/media?parent=169"}],"curies":[{"name":"wp","href":"https:\/\/api.w.org\/{rel}","templated":true}]}}