{"id":156,"date":"2025-02-28T10:47:52","date_gmt":"2025-02-28T10:47:52","guid":{"rendered":"https:\/\/sexmegle.com\/?page_id=156"},"modified":"2025-06-09T14:57:12","modified_gmt":"2025-06-09T14:57:12","slug":"rules","status":"publish","type":"page","link":"https:\/\/sexmegle.com\/pt\/rules\/","title":{"rendered":"Regras"},"content":{"rendered":"<p data-start=\"203\" data-end=\"515\">O Sexmegle conecta pessoas do mundo todo por meio de bate-papos por v\u00eddeo aleat\u00f3rios, an\u00f4nimos e individuais \u2014 instantaneamente, gratuitamente e sem cadastro. Temos o compromisso de oferecer uma plataforma divertida, respeitosa e segura para todos os usu\u00e1rios. Para manter nossa comunidade segura e acolhedora, voc\u00ea deve seguir as regras abaixo.<\/p>\n<p data-start=\"517\" data-end=\"605\">Ao usar o Sexmegle, voc\u00ea concorda com estas Diretrizes da Comunidade e nossos Termos de Servi\u00e7o.<\/p>\n<h3 data-start=\"612\" data-end=\"646\">\ud83d\udd1e Requisito de idade m\u00ednima<\/h3>\n<ul data-start=\"648\" data-end=\"817\">\n<li data-start=\"648\" data-end=\"817\">\n<p data-start=\"650\" data-end=\"817\">Voc\u00ea deve ter 18 anos ou mais para usar o Sexmegle. O uso por menores \u00e9 estritamente proibido e resultar\u00e1 em remo\u00e7\u00e3o imediata e poss\u00edvel den\u00fancia \u00e0s autoridades.<\/p>\n<\/li>\n<\/ul>\n<h3 data-start=\"824\" data-end=\"853\">\ud83d\udeab Conduta Proibida<\/h3>\n<p data-start=\"855\" data-end=\"981\">As seguintes a\u00e7\u00f5es s\u00e3o estritamente proibidas no Sexmegle e podem resultar em banimento imediato ou encaminhamento \u00e0 pol\u00edcia:<\/p>\n<h4 data-start=\"1361\" data-end=\"1403\">1. Discurso de \u00f3dio e discrimina\u00e7\u00e3o<\/h4>\n<ul>\n<li data-start=\"1406\" data-end=\"1523\">N\u00e3o insulte, degrade ou ataque ningu\u00e9m com base em ra\u00e7a, religi\u00e3o, g\u00eanero, sexualidade, defici\u00eancia, nacionalidade ou idade.<\/li>\n<li data-start=\"1526\" data-end=\"1577\">Sexmegle \u00e9 um espa\u00e7o inclusivo \u2014 respeite todas as pessoas.<\/li>\n<\/ul>\n<h4 data-start=\"1579\" data-end=\"1613\">2. Ass\u00e9dio e Amea\u00e7as<\/h4>\n<ul>\n<li data-start=\"1616\" data-end=\"1682\">N\u00e3o persiga, ameace, intimide ou abuse verbalmente de outros usu\u00e1rios.<\/li>\n<li data-start=\"1685\" data-end=\"1775\">Comportamento indesejado repetido em rela\u00e7\u00e3o a um usu\u00e1rio constitui ass\u00e9dio e n\u00e3o ser\u00e1 tolerado.<\/li>\n<\/ul>\n<h4 data-start=\"1777\" data-end=\"1810\">3. Explora\u00e7\u00e3o de menores<\/h4>\n<ul>\n<li data-start=\"1813\" data-end=\"1884\">Qualquer tentativa de interagir ou se passar por um menor ser\u00e1 denunciada.<\/li>\n<li data-start=\"1887\" data-end=\"1979\">Qualquer atividade envolvendo usu\u00e1rios menores de idade resultar\u00e1 em banimento permanente e consequ\u00eancias legais.<\/li>\n<\/ul>\n<h4 data-start=\"1981\" data-end=\"2009\">4. Atividade ilegal<\/h4>\n<p data-start=\"2012\" data-end=\"2040\">Voc\u00ea n\u00e3o pode usar o Sexmegle para:<\/p>\n<ul>\n<li data-start=\"2045\" data-end=\"2081\">Tr\u00e1fico de pessoas ou tr\u00e1fico sexual<\/li>\n<li data-start=\"2086\" data-end=\"2114\">Prostitui\u00e7\u00e3o ou solicita\u00e7\u00e3o<\/li>\n<li data-start=\"2119\" data-end=\"2136\">Abuso ou viol\u00eancia<\/li>\n<li data-start=\"2141\" data-end=\"2197\">Qualquer atividade que viole as leis locais ou internacionais<\/li>\n<\/ul>\n<h4 data-start=\"2199\" data-end=\"2229\">5. Promo\u00e7\u00e3o e Spam<\/h4>\n<ul>\n<li data-start=\"2232\" data-end=\"2302\">N\u00e3o exiba ou compartilhe links, an\u00fancios ou conte\u00fado promocional.<\/li>\n<li data-start=\"2305\" data-end=\"2365\">Evite mostrar sites, c\u00f3digos QR ou informa\u00e7\u00f5es de contato na tela.<\/li>\n<\/ul>\n<h4 data-start=\"2367\" data-end=\"2414\">6. Pr\u00e1ticas manipulativas ou enganosas<\/h4>\n<ul>\n<li data-start=\"2417\" data-end=\"2495\">N\u00e3o \u00e9 permitido o uso de emuladores de webcam, deepfakes ou software enganoso.<\/li>\n<li data-start=\"2498\" data-end=\"2593\">Fingir ser algu\u00e9m que voc\u00ea n\u00e3o \u00e9 (por exemplo, catfishing ou imita\u00e7\u00e3o) \u00e9 estritamente proibido.<\/li>\n<\/ul>\n<h3 data-start=\"2600\" data-end=\"2632\">\ud83d\udee1\ufe0f Denunciar Viola\u00e7\u00f5es<\/h3>\n<p data-start=\"2634\" data-end=\"2911\">Se voc\u00ea testemunhar um comportamento que viole estas diretrizes, denuncie o usu\u00e1rio imediatamente usando o bot\u00e3o &quot;Denunciar&quot;. Se poss\u00edvel, inclua uma captura de tela do incidente. Todas as den\u00fancias s\u00e3o analisadas com seriedade, e viola\u00e7\u00f5es recorrentes resultar\u00e3o em banimento permanente do Sexmegle.<\/p>\n<h3 data-start=\"2918\" data-end=\"2953\">\u2705 Ajude-nos a manter o Sexmegle seguro<\/h3>\n<p data-start=\"2955\" data-end=\"3025\">Estas regras existem para proteger a todos. Ao usar o Sexmegle, voc\u00ea concorda em:<\/p>\n<ul>\n<li data-start=\"3029\" data-end=\"3056\">Trate os outros com respeito<\/li>\n<li data-start=\"3059\" data-end=\"3087\">Mantenha sua identidade privada<\/li>\n<li data-start=\"3090\" data-end=\"3120\">Use a plataforma com responsabilidade<\/li>\n<li data-start=\"3123\" data-end=\"3165\">Siga todos os padr\u00f5es legais e da comunidade<\/li>\n<\/ul>\n<p data-start=\"3172\" data-end=\"3283\">O Sexmegle \u00e9 constru\u00eddo com base na confian\u00e7a e na conex\u00e3o espont\u00e2nea. Vamos manter a divers\u00e3o, o respeito e a seguran\u00e7a \u2014 juntos.<\/p>\n<p data-start=\"3285\" data-end=\"3340\">Para d\u00favidas ou preocupa\u00e7\u00f5es, visite nossa p\u00e1gina de contato.<\/p>","protected":false},"excerpt":{"rendered":"<p>O Sexmegle conecta pessoas do mundo todo por meio de bate-papos por v\u00eddeo aleat\u00f3rios, an\u00f4nimos e individuais \u2014 instantaneamente, gratuitamente e sem cadastro. Temos o compromisso de oferecer uma plataforma divertida, respeitosa e segura para todos os usu\u00e1rios. Para manter nossa comunidade segura e acolhedora, voc\u00ea deve seguir as regras abaixo. Ao usar o Sexmegle, voc\u00ea concorda com estas Regras da Comunidade [\u2026]<\/p>","protected":false},"author":1,"featured_media":0,"parent":0,"menu_order":0,"comment_status":"closed","ping_status":"closed","template":"","meta":{"footnotes":""},"class_list":["post-156","page","type-page","status-publish","hentry"],"yoast_head":"<!-- This site is optimized with the Yoast SEO plugin v26.3 - https:\/\/yoast.com\/wordpress\/plugins\/seo\/ -->\n<title>Rules - Sexmegle<\/title>\n<meta name=\"robots\" content=\"index, follow, max-snippet:-1, max-image-preview:large, max-video-preview:-1\" \/>\n<link rel=\"canonical\" href=\"https:\/\/sexmegle.com\/pt\/rules\/\" \/>\n<meta property=\"og:locale\" content=\"pt_BR\" \/>\n<meta property=\"og:type\" content=\"article\" \/>\n<meta property=\"og:title\" content=\"Rules - Sexmegle\" \/>\n<meta property=\"og:description\" content=\"Sexmegle connects people from around the world through anonymous, one-on-one random video chats \u2014 instantly, for free, and without registration. We\u2019re committed to providing a platform that\u2019s fun, respectful, and secure for all users. To keep our community safe and welcoming, you must follow the rules below. By using Sexmegle, you agree to these Community [&hellip;]\" \/>\n<meta property=\"og:url\" content=\"https:\/\/sexmegle.com\/pt\/rules\/\" \/>\n<meta property=\"og:site_name\" content=\"Sexmegle\" \/>\n<meta property=\"article:modified_time\" content=\"2025-06-09T14:57:12+00:00\" \/>\n<meta name=\"twitter:card\" content=\"summary_large_image\" \/>\n<meta name=\"twitter:label1\" content=\"Est. tempo de leitura\" \/>\n\t<meta name=\"twitter:data1\" content=\"2 minutos\" \/>\n<script type=\"application\/ld+json\" class=\"yoast-schema-graph\">{\"@context\":\"https:\/\/schema.org\",\"@graph\":[{\"@type\":\"WebPage\",\"@id\":\"https:\/\/sexmegle.com\/rules\/\",\"url\":\"https:\/\/sexmegle.com\/rules\/\",\"name\":\"Rules - Sexmegle\",\"isPartOf\":{\"@id\":\"https:\/\/sexmegle.com\/#website\"},\"datePublished\":\"2025-02-28T10:47:52+00:00\",\"dateModified\":\"2025-06-09T14:57:12+00:00\",\"breadcrumb\":{\"@id\":\"https:\/\/sexmegle.com\/rules\/#breadcrumb\"},\"inLanguage\":\"pt-BR\",\"potentialAction\":[{\"@type\":\"ReadAction\",\"target\":[\"https:\/\/sexmegle.com\/rules\/\"]}]},{\"@type\":\"BreadcrumbList\",\"@id\":\"https:\/\/sexmegle.com\/rules\/#breadcrumb\",\"itemListElement\":[{\"@type\":\"ListItem\",\"position\":1,\"name\":\"Home\",\"item\":\"https:\/\/sexmegle.com\/\"},{\"@type\":\"ListItem\",\"position\":2,\"name\":\"Rules\"}]},{\"@type\":\"WebSite\",\"@id\":\"https:\/\/sexmegle.com\/#website\",\"url\":\"https:\/\/sexmegle.com\/\",\"name\":\"Sexmegle\",\"description\":\"\",\"publisher\":{\"@id\":\"https:\/\/sexmegle.com\/#organization\"},\"potentialAction\":[{\"@type\":\"SearchAction\",\"target\":{\"@type\":\"EntryPoint\",\"urlTemplate\":\"https:\/\/sexmegle.com\/?s={search_term_string}\"},\"query-input\":{\"@type\":\"PropertyValueSpecification\",\"valueRequired\":true,\"valueName\":\"search_term_string\"}}],\"inLanguage\":\"pt-BR\"},{\"@type\":\"Organization\",\"@id\":\"https:\/\/sexmegle.com\/#organization\",\"name\":\"Sexmegle\",\"url\":\"https:\/\/sexmegle.com\/\",\"logo\":{\"@type\":\"ImageObject\",\"inLanguage\":\"pt-BR\",\"@id\":\"https:\/\/sexmegle.com\/#\/schema\/logo\/image\/\",\"url\":\"https:\/\/sexmegle.com\/wp-content\/uploads\/2025\/02\/ohmegle-logo.png\",\"contentUrl\":\"https:\/\/sexmegle.com\/wp-content\/uploads\/2025\/02\/ohmegle-logo.png\",\"width\":300,\"height\":65,\"caption\":\"Sexmegle\"},\"image\":{\"@id\":\"https:\/\/sexmegle.com\/#\/schema\/logo\/image\/\"}}]}<\/script>\n<!-- \/ Yoast SEO plugin. -->","yoast_head_json":{"title":"Rules - Sexmegle","robots":{"index":"index","follow":"follow","max-snippet":"max-snippet:-1","max-image-preview":"max-image-preview:large","max-video-preview":"max-video-preview:-1"},"canonical":"https:\/\/sexmegle.com\/pt\/rules\/","og_locale":"pt_BR","og_type":"article","og_title":"Rules - Sexmegle","og_description":"Sexmegle connects people from around the world through anonymous, one-on-one random video chats \u2014 instantly, for free, and without registration. We\u2019re committed to providing a platform that\u2019s fun, respectful, and secure for all users. To keep our community safe and welcoming, you must follow the rules below. By using Sexmegle, you agree to these Community [&hellip;]","og_url":"https:\/\/sexmegle.com\/pt\/rules\/","og_site_name":"Sexmegle","article_modified_time":"2025-06-09T14:57:12+00:00","twitter_card":"summary_large_image","twitter_misc":{"Est. tempo de leitura":"2 minutos"},"schema":{"@context":"https:\/\/schema.org","@graph":[{"@type":"WebPage","@id":"https:\/\/sexmegle.com\/rules\/","url":"https:\/\/sexmegle.com\/rules\/","name":"Rules - Sexmegle","isPartOf":{"@id":"https:\/\/sexmegle.com\/#website"},"datePublished":"2025-02-28T10:47:52+00:00","dateModified":"2025-06-09T14:57:12+00:00","breadcrumb":{"@id":"https:\/\/sexmegle.com\/rules\/#breadcrumb"},"inLanguage":"pt-BR","potentialAction":[{"@type":"ReadAction","target":["https:\/\/sexmegle.com\/rules\/"]}]},{"@type":"BreadcrumbList","@id":"https:\/\/sexmegle.com\/rules\/#breadcrumb","itemListElement":[{"@type":"ListItem","position":1,"name":"Home","item":"https:\/\/sexmegle.com\/"},{"@type":"ListItem","position":2,"name":"Rules"}]},{"@type":"WebSite","@id":"https:\/\/sexmegle.com\/#website","url":"https:\/\/sexmegle.com\/","name":"Sexmegle","description":"","publisher":{"@id":"https:\/\/sexmegle.com\/#organization"},"potentialAction":[{"@type":"SearchAction","target":{"@type":"EntryPoint","urlTemplate":"https:\/\/sexmegle.com\/?s={search_term_string}"},"query-input":{"@type":"PropertyValueSpecification","valueRequired":true,"valueName":"search_term_string"}}],"inLanguage":"pt-BR"},{"@type":"Organization","@id":"https:\/\/sexmegle.com\/#organization","name":"Sexmegle","url":"https:\/\/sexmegle.com\/","logo":{"@type":"ImageObject","inLanguage":"pt-BR","@id":"https:\/\/sexmegle.com\/#\/schema\/logo\/image\/","url":"https:\/\/sexmegle.com\/wp-content\/uploads\/2025\/02\/ohmegle-logo.png","contentUrl":"https:\/\/sexmegle.com\/wp-content\/uploads\/2025\/02\/ohmegle-logo.png","width":300,"height":65,"caption":"Sexmegle"},"image":{"@id":"https:\/\/sexmegle.com\/#\/schema\/logo\/image\/"}}]}},"_links":{"self":[{"href":"https:\/\/sexmegle.com\/pt\/wp-json\/wp\/v2\/pages\/156","targetHints":{"allow":["GET"]}}],"collection":[{"href":"https:\/\/sexmegle.com\/pt\/wp-json\/wp\/v2\/pages"}],"about":[{"href":"https:\/\/sexmegle.com\/pt\/wp-json\/wp\/v2\/types\/page"}],"author":[{"embeddable":true,"href":"https:\/\/sexmegle.com\/pt\/wp-json\/wp\/v2\/users\/1"}],"replies":[{"embeddable":true,"href":"https:\/\/sexmegle.com\/pt\/wp-json\/wp\/v2\/comments?post=156"}],"version-history":[{"count":4,"href":"https:\/\/sexmegle.com\/pt\/wp-json\/wp\/v2\/pages\/156\/revisions"}],"predecessor-version":[{"id":850,"href":"https:\/\/sexmegle.com\/pt\/wp-json\/wp\/v2\/pages\/156\/revisions\/850"}],"wp:attachment":[{"href":"https:\/\/sexmegle.com\/pt\/wp-json\/wp\/v2\/media?parent=156"}],"curies":[{"name":"wp","href":"https:\/\/api.w.org\/{rel}","templated":true}]}}